{"id":14,"date":"2016-12-19T11:52:03","date_gmt":"2016-12-19T10:52:03","guid":{"rendered":"http:\/\/tolosane-conduite-autoecole.com\/fr\/?page_id=14"},"modified":"2024-11-29T09:31:34","modified_gmt":"2024-11-29T08:31:34","slug":"accueil","status":"publish","type":"page","link":"https:\/\/tolosane-conduite-autoecole.com\/fr\/","title":{"rendered":"Accueil"},"content":{"rendered":"<p>[vc_row][vc_column][vc_column_text][rev_slider_vc alias=\u00a0\u00bbslide-home\u00a0\u00bb][\/vc_column_text][\/vc_column][\/vc_row][vc_row type=\u00a0\u00bbgrid\u00a0\u00bb css=\u00a0\u00bb.vc_custom_1483445936708{margin-top: 60px !important;margin-bottom: 60px !important;}\u00a0\u00bb][vc_column][vc_row_inner][vc_column_inner width=\u00a0\u00bb2\/3&Prime;][vc_column_text]<\/p>\n<h1><strong>Auto \u00e9cole<\/strong> Tolosane<\/h1>\n<p><strong>TOLOSANE CONDUITE<\/strong> est compos\u00e9e de 6 personnes. Cette \u00e9quipe jeune, dynamique et exp\u00e9riment\u00e9e sait vous accueillir du lundi au vendredi de 8h \u00e0 19h ainsi que le samedi de 10h \u00e0 12h.<\/p>\n<p>&nbsp;<\/p>\n<h2><span style=\"color: #70bb4e; font-size: 20px;\">NOTRE OBJECTIF, VOTRE R\u00c9USSITE.<\/span><\/h2>\n<p><span style=\"color: #70bb4e; font-size: 25px;\">VOTRE FORCE, NOTRE \u00c9QUIPE &#8230;<\/span>[\/vc_column_text][\/vc_column_inner][vc_column_inner width=\u00a0\u00bb1\/3&Prime;]<a href=\"https:\/\/tolosane-conduite-autoecole.com\/fr\/inscriptions\/\" target=\"_self\" data-hover-background-color=#70bb4e data-hover-border-color=#70bb4e data-hover-color=#ffffff class=\"qbutton  medium white\" style=\"color: #70bb4e; border-color: #70bb4e; font-style: normal; font-weight: 400; border-radius: 5px;-moz-border-radius: 5px;-webkit-border-radius: 5px; background-color: #ffffff;\">Formulaires de pr\u00e9-inscription<\/a>[vc_empty_space height=\u00a0\u00bb30px\u00a0\u00bb]<a href=\"https:\/\/tolosane-conduite-autoecole.com\/fr\/contact\/\" target=\"_self\" data-hover-background-color=#70bb4e data-hover-border-color=#70bb4e data-hover-color=#ffffff class=\"qbutton  medium white\" style=\"color: #70bb4e; border-color: #70bb4e; font-style: normal; font-weight: 400; border-radius: 5px;-moz-border-radius: 5px;-webkit-border-radius: 5px; background-color: #ffffff;\">Je souhaite plus de renseignements<\/a>[\/vc_column_inner][\/vc_row_inner][\/vc_column][\/vc_row][vc_row bg_type=\u00a0\u00bbimage\u00a0\u00bb parallax_style=\u00a0\u00bbvcpb-vz-jquery\u00a0\u00bb bg_image_new=\u00a0\u00bbid^182|url^https:\/\/tolosane-conduite-autoecole.com\/fr\/wp-content\/uploads\/2016\/12\/parallax.jpg|caption^null|alt^null|title^parallax|description^null\u00a0\u00bb bg_image_repeat=\u00a0\u00bbno-repeat\u00a0\u00bb parallax_sense=\u00a0\u00bb30&Prime; disable_on_mobile_img_parallax=\u00a0\u00bbdisable_on_mobile_img_parallax_value\u00a0\u00bb parallax_content=\u00a0\u00bbparallax_content_value\u00a0\u00bb parallax_content_sense=\u00a0\u00bb30&Prime;][vc_column][vc_empty_space height=\u00a0\u00bb400px\u00a0\u00bb][\/vc_column][\/vc_row][vc_row][vc_column]<div class=\"container_inner\"><div class=\"call_to_action normal\" style=\"background-color: #ffffff;border-top: 1px solid #ffffff;\"><div class=\"two_columns_75_25 clearfix\"><div class=\"text_wrapper column1\"><div class=\"call_to_action_text\" style=\"\"><\/p>\n<h3>Vous souhaitez d\u00e9couvrir nos offres pour la r\u00e9cup\u00e9ration de points ?<\/h3>\n<p><\/div><\/div><div class=\"button_wrapper column2\"><a href=\"https:\/\/tolosane-conduite-autoecole.com\/fr\/recuperation-de-points\/\" class=\"qbutton large\" target=\"_self\" style=\"color: #ffffff;border-color: #70bb4e;background-color: #70bb4e;\"data-hover-background-color=#ffffff data-hover-border-color=#70bb4e data-hover-color=#70bb4e>JE VEUX D\u00c9COUVRIR<\/a><\/div><\/div><\/div><\/div>[\/vc_column][\/vc_row]<\/p>\n","protected":false},"excerpt":{"rendered":"<p>[vc_row][vc_column][vc_column_text][rev_slider_vc alias=\u00a0\u00bbslide-home\u00a0\u00bb][\/vc_column_text][\/vc_column][\/vc_row][vc_row type=\u00a0\u00bbgrid\u00a0\u00bb css=\u00a0\u00bb.vc_custom_1483445936708{margin-top: 60px !important;margin-bottom: 60px !important;}\u00a0\u00bb][vc_column][vc_row_inner][vc_column_inner width=\u00a0\u00bb2\/3&Prime;][vc_column_text] Auto \u00e9cole Tolosane TOLOSANE CONDUITE est compos\u00e9e de 6 personnes. Cette \u00e9quipe jeune, dynamique et exp\u00e9riment\u00e9e sait vous accueillir du lundi au vendredi de 8h \u00e0 19h ainsi que le samedi de 10h \u00e0 12h. &nbsp;&#8230;<\/p>\n","protected":false},"author":1,"featured_media":0,"parent":0,"menu_order":0,"comment_status":"closed","ping_status":"closed","template":"full_width.php","meta":{"footnotes":""},"class_list":["post-14","page","type-page","status-publish","hentry"],"yoast_head":"<!-- This site is optimized with the Yoast SEO plugin v27.3 - https:\/\/yoast.com\/product\/yoast-seo-wordpress\/ -->\n<title>Formation Rapide au Permis de Conduire | Tolosane conduite<\/title>\n<meta name=\"description\" content=\"Passez votre permis rapidement gr\u00e2ce \u00e0 nos stages intensifs \u00e0 Cugnaux. Formations de qualit\u00e9, horaires flexibles et tarifs avantageux.\" \/>\n<meta name=\"robots\" content=\"index, follow, max-snippet:-1, max-image-preview:large, max-video-preview:-1\" \/>\n<link rel=\"canonical\" href=\"https:\/\/tolosane-conduite-autoecole.com\/fr\/\" \/>\n<meta property=\"og:locale\" content=\"fr_FR\" \/>\n<meta property=\"og:type\" content=\"article\" \/>\n<meta property=\"og:title\" content=\"Formation Rapide au Permis de Conduire | Tolosane conduite\" \/>\n<meta property=\"og:description\" content=\"Passez votre permis rapidement gr\u00e2ce \u00e0 nos stages intensifs \u00e0 Cugnaux. Formations de qualit\u00e9, horaires flexibles et tarifs avantageux.\" \/>\n<meta property=\"og:url\" content=\"https:\/\/tolosane-conduite-autoecole.com\/fr\/\" \/>\n<meta property=\"og:site_name\" content=\"Tolosane Conduite\" \/>\n<meta property=\"article:publisher\" content=\"https:\/\/www.facebook.com\/tolosane.conduite\" \/>\n<meta property=\"article:modified_time\" content=\"2024-11-29T08:31:34+00:00\" \/>\n<meta property=\"og:image\" content=\"https:\/\/tolosane-conduite-autoecole.com\/fr\/wp-content\/uploads\/2016\/12\/logo.png\" \/>\n\t<meta property=\"og:image:width\" content=\"110\" \/>\n\t<meta property=\"og:image:height\" content=\"132\" \/>\n\t<meta property=\"og:image:type\" content=\"image\/png\" \/>\n<meta name=\"twitter:card\" content=\"summary_large_image\" \/>\n<meta name=\"twitter:label1\" content=\"Dur\u00e9e de lecture estim\u00e9e\" \/>\n\t<meta name=\"twitter:data1\" content=\"1 minute\" \/>\n<script type=\"application\/ld+json\" class=\"yoast-schema-graph\">{\"@context\":\"https:\\\/\\\/schema.org\",\"@graph\":[{\"@type\":[\"Article\",\"BlogPosting\"],\"@id\":\"https:\\\/\\\/tolosane-conduite-autoecole.com\\\/fr\\\/#article\",\"isPartOf\":{\"@id\":\"https:\\\/\\\/tolosane-conduite-autoecole.com\\\/fr\\\/\"},\"author\":{\"name\":\"bucerepdigital\",\"@id\":\"https:\\\/\\\/tolosane-conduite-autoecole.com\\\/fr\\\/#\\\/schema\\\/person\\\/6718a5cc96cf47491152861a35319349\"},\"headline\":\"Accueil\",\"datePublished\":\"2016-12-19T10:52:03+00:00\",\"dateModified\":\"2024-11-29T08:31:34+00:00\",\"mainEntityOfPage\":{\"@id\":\"https:\\\/\\\/tolosane-conduite-autoecole.com\\\/fr\\\/\"},\"wordCount\":355,\"publisher\":{\"@id\":\"https:\\\/\\\/tolosane-conduite-autoecole.com\\\/fr\\\/#organization\"},\"inLanguage\":\"fr-FR\"},{\"@type\":\"WebPage\",\"@id\":\"https:\\\/\\\/tolosane-conduite-autoecole.com\\\/fr\\\/\",\"url\":\"https:\\\/\\\/tolosane-conduite-autoecole.com\\\/fr\\\/\",\"name\":\"Formation Rapide au Permis de Conduire | Tolosane conduite\",\"isPartOf\":{\"@id\":\"https:\\\/\\\/tolosane-conduite-autoecole.com\\\/fr\\\/#website\"},\"datePublished\":\"2016-12-19T10:52:03+00:00\",\"dateModified\":\"2024-11-29T08:31:34+00:00\",\"description\":\"Passez votre permis rapidement gr\u00e2ce \u00e0 nos stages intensifs \u00e0 Cugnaux. Formations de qualit\u00e9, horaires flexibles et tarifs avantageux.\",\"breadcrumb\":{\"@id\":\"https:\\\/\\\/tolosane-conduite-autoecole.com\\\/fr\\\/#breadcrumb\"},\"inLanguage\":\"fr-FR\",\"potentialAction\":[{\"@type\":\"ReadAction\",\"target\":[\"https:\\\/\\\/tolosane-conduite-autoecole.com\\\/fr\\\/\"]}]},{\"@type\":\"BreadcrumbList\",\"@id\":\"https:\\\/\\\/tolosane-conduite-autoecole.com\\\/fr\\\/#breadcrumb\",\"itemListElement\":[{\"@type\":\"ListItem\",\"position\":1,\"name\":\"Accueil\",\"item\":\"https:\\\/\\\/tolosane-conduite-autoecole.com\\\/fr\\\/\"},{\"@type\":\"ListItem\",\"position\":2,\"name\":\"Accueil\"}]},{\"@type\":\"WebSite\",\"@id\":\"https:\\\/\\\/tolosane-conduite-autoecole.com\\\/fr\\\/#website\",\"url\":\"https:\\\/\\\/tolosane-conduite-autoecole.com\\\/fr\\\/\",\"name\":\"Tolosane Conduite\",\"description\":\"Auto-\u00e9cole \u00e0 Cugnaux\",\"publisher\":{\"@id\":\"https:\\\/\\\/tolosane-conduite-autoecole.com\\\/fr\\\/#organization\"},\"potentialAction\":[{\"@type\":\"SearchAction\",\"target\":{\"@type\":\"EntryPoint\",\"urlTemplate\":\"https:\\\/\\\/tolosane-conduite-autoecole.com\\\/fr\\\/?s={search_term_string}\"},\"query-input\":{\"@type\":\"PropertyValueSpecification\",\"valueRequired\":true,\"valueName\":\"search_term_string\"}}],\"inLanguage\":\"fr-FR\"},{\"@type\":\"Organization\",\"@id\":\"https:\\\/\\\/tolosane-conduite-autoecole.com\\\/fr\\\/#organization\",\"name\":\"Tolosane Conduite\",\"url\":\"https:\\\/\\\/tolosane-conduite-autoecole.com\\\/fr\\\/\",\"logo\":{\"@type\":\"ImageObject\",\"inLanguage\":\"fr-FR\",\"@id\":\"https:\\\/\\\/tolosane-conduite-autoecole.com\\\/fr\\\/#\\\/schema\\\/logo\\\/image\\\/\",\"url\":\"https:\\\/\\\/tolosane-conduite-autoecole.com\\\/fr\\\/wp-content\\\/uploads\\\/2016\\\/12\\\/logo.png\",\"contentUrl\":\"https:\\\/\\\/tolosane-conduite-autoecole.com\\\/fr\\\/wp-content\\\/uploads\\\/2016\\\/12\\\/logo.png\",\"width\":110,\"height\":132,\"caption\":\"Tolosane Conduite\"},\"image\":{\"@id\":\"https:\\\/\\\/tolosane-conduite-autoecole.com\\\/fr\\\/#\\\/schema\\\/logo\\\/image\\\/\"},\"sameAs\":[\"https:\\\/\\\/www.facebook.com\\\/tolosane.conduite\"]},{\"@type\":\"Person\",\"@id\":\"https:\\\/\\\/tolosane-conduite-autoecole.com\\\/fr\\\/#\\\/schema\\\/person\\\/6718a5cc96cf47491152861a35319349\",\"name\":\"bucerepdigital\",\"image\":{\"@type\":\"ImageObject\",\"inLanguage\":\"fr-FR\",\"@id\":\"https:\\\/\\\/secure.gravatar.com\\\/avatar\\\/1aae4b66aa54c208b73ff080718ae3fb977a15c52616045caf7267bfc9153241?s=96&d=mm&r=g\",\"url\":\"https:\\\/\\\/secure.gravatar.com\\\/avatar\\\/1aae4b66aa54c208b73ff080718ae3fb977a15c52616045caf7267bfc9153241?s=96&d=mm&r=g\",\"contentUrl\":\"https:\\\/\\\/secure.gravatar.com\\\/avatar\\\/1aae4b66aa54c208b73ff080718ae3fb977a15c52616045caf7267bfc9153241?s=96&d=mm&r=g\",\"caption\":\"bucerepdigital\"},\"url\":\"https:\\\/\\\/tolosane-conduite-autoecole.com\\\/fr\\\/author\\\/bucerepdigital\\\/\"}]}<\/script>\n<!-- \/ Yoast SEO plugin. -->","yoast_head_json":{"title":"Formation Rapide au Permis de Conduire | Tolosane conduite","description":"Passez votre permis rapidement gr\u00e2ce \u00e0 nos stages intensifs \u00e0 Cugnaux. Formations de qualit\u00e9, horaires flexibles et tarifs avantageux.","robots":{"index":"index","follow":"follow","max-snippet":"max-snippet:-1","max-image-preview":"max-image-preview:large","max-video-preview":"max-video-preview:-1"},"canonical":"https:\/\/tolosane-conduite-autoecole.com\/fr\/","og_locale":"fr_FR","og_type":"article","og_title":"Formation Rapide au Permis de Conduire | Tolosane conduite","og_description":"Passez votre permis rapidement gr\u00e2ce \u00e0 nos stages intensifs \u00e0 Cugnaux. Formations de qualit\u00e9, horaires flexibles et tarifs avantageux.","og_url":"https:\/\/tolosane-conduite-autoecole.com\/fr\/","og_site_name":"Tolosane Conduite","article_publisher":"https:\/\/www.facebook.com\/tolosane.conduite","article_modified_time":"2024-11-29T08:31:34+00:00","og_image":[{"width":110,"height":132,"url":"https:\/\/tolosane-conduite-autoecole.com\/fr\/wp-content\/uploads\/2016\/12\/logo.png","type":"image\/png"}],"twitter_card":"summary_large_image","twitter_misc":{"Dur\u00e9e de lecture estim\u00e9e":"1 minute"},"schema":{"@context":"https:\/\/schema.org","@graph":[{"@type":["Article","BlogPosting"],"@id":"https:\/\/tolosane-conduite-autoecole.com\/fr\/#article","isPartOf":{"@id":"https:\/\/tolosane-conduite-autoecole.com\/fr\/"},"author":{"name":"bucerepdigital","@id":"https:\/\/tolosane-conduite-autoecole.com\/fr\/#\/schema\/person\/6718a5cc96cf47491152861a35319349"},"headline":"Accueil","datePublished":"2016-12-19T10:52:03+00:00","dateModified":"2024-11-29T08:31:34+00:00","mainEntityOfPage":{"@id":"https:\/\/tolosane-conduite-autoecole.com\/fr\/"},"wordCount":355,"publisher":{"@id":"https:\/\/tolosane-conduite-autoecole.com\/fr\/#organization"},"inLanguage":"fr-FR"},{"@type":"WebPage","@id":"https:\/\/tolosane-conduite-autoecole.com\/fr\/","url":"https:\/\/tolosane-conduite-autoecole.com\/fr\/","name":"Formation Rapide au Permis de Conduire | Tolosane conduite","isPartOf":{"@id":"https:\/\/tolosane-conduite-autoecole.com\/fr\/#website"},"datePublished":"2016-12-19T10:52:03+00:00","dateModified":"2024-11-29T08:31:34+00:00","description":"Passez votre permis rapidement gr\u00e2ce \u00e0 nos stages intensifs \u00e0 Cugnaux. Formations de qualit\u00e9, horaires flexibles et tarifs avantageux.","breadcrumb":{"@id":"https:\/\/tolosane-conduite-autoecole.com\/fr\/#breadcrumb"},"inLanguage":"fr-FR","potentialAction":[{"@type":"ReadAction","target":["https:\/\/tolosane-conduite-autoecole.com\/fr\/"]}]},{"@type":"BreadcrumbList","@id":"https:\/\/tolosane-conduite-autoecole.com\/fr\/#breadcrumb","itemListElement":[{"@type":"ListItem","position":1,"name":"Accueil","item":"https:\/\/tolosane-conduite-autoecole.com\/fr\/"},{"@type":"ListItem","position":2,"name":"Accueil"}]},{"@type":"WebSite","@id":"https:\/\/tolosane-conduite-autoecole.com\/fr\/#website","url":"https:\/\/tolosane-conduite-autoecole.com\/fr\/","name":"Tolosane Conduite","description":"Auto-\u00e9cole \u00e0 Cugnaux","publisher":{"@id":"https:\/\/tolosane-conduite-autoecole.com\/fr\/#organization"},"potentialAction":[{"@type":"SearchAction","target":{"@type":"EntryPoint","urlTemplate":"https:\/\/tolosane-conduite-autoecole.com\/fr\/?s={search_term_string}"},"query-input":{"@type":"PropertyValueSpecification","valueRequired":true,"valueName":"search_term_string"}}],"inLanguage":"fr-FR"},{"@type":"Organization","@id":"https:\/\/tolosane-conduite-autoecole.com\/fr\/#organization","name":"Tolosane Conduite","url":"https:\/\/tolosane-conduite-autoecole.com\/fr\/","logo":{"@type":"ImageObject","inLanguage":"fr-FR","@id":"https:\/\/tolosane-conduite-autoecole.com\/fr\/#\/schema\/logo\/image\/","url":"https:\/\/tolosane-conduite-autoecole.com\/fr\/wp-content\/uploads\/2016\/12\/logo.png","contentUrl":"https:\/\/tolosane-conduite-autoecole.com\/fr\/wp-content\/uploads\/2016\/12\/logo.png","width":110,"height":132,"caption":"Tolosane Conduite"},"image":{"@id":"https:\/\/tolosane-conduite-autoecole.com\/fr\/#\/schema\/logo\/image\/"},"sameAs":["https:\/\/www.facebook.com\/tolosane.conduite"]},{"@type":"Person","@id":"https:\/\/tolosane-conduite-autoecole.com\/fr\/#\/schema\/person\/6718a5cc96cf47491152861a35319349","name":"bucerepdigital","image":{"@type":"ImageObject","inLanguage":"fr-FR","@id":"https:\/\/secure.gravatar.com\/avatar\/1aae4b66aa54c208b73ff080718ae3fb977a15c52616045caf7267bfc9153241?s=96&d=mm&r=g","url":"https:\/\/secure.gravatar.com\/avatar\/1aae4b66aa54c208b73ff080718ae3fb977a15c52616045caf7267bfc9153241?s=96&d=mm&r=g","contentUrl":"https:\/\/secure.gravatar.com\/avatar\/1aae4b66aa54c208b73ff080718ae3fb977a15c52616045caf7267bfc9153241?s=96&d=mm&r=g","caption":"bucerepdigital"},"url":"https:\/\/tolosane-conduite-autoecole.com\/fr\/author\/bucerepdigital\/"}]}},"_links":{"self":[{"href":"https:\/\/tolosane-conduite-autoecole.com\/fr\/wp-json\/wp\/v2\/pages\/14","targetHints":{"allow":["GET"]}}],"collection":[{"href":"https:\/\/tolosane-conduite-autoecole.com\/fr\/wp-json\/wp\/v2\/pages"}],"about":[{"href":"https:\/\/tolosane-conduite-autoecole.com\/fr\/wp-json\/wp\/v2\/types\/page"}],"author":[{"embeddable":true,"href":"https:\/\/tolosane-conduite-autoecole.com\/fr\/wp-json\/wp\/v2\/users\/1"}],"replies":[{"embeddable":true,"href":"https:\/\/tolosane-conduite-autoecole.com\/fr\/wp-json\/wp\/v2\/comments?post=14"}],"version-history":[{"count":0,"href":"https:\/\/tolosane-conduite-autoecole.com\/fr\/wp-json\/wp\/v2\/pages\/14\/revisions"}],"wp:attachment":[{"href":"https:\/\/tolosane-conduite-autoecole.com\/fr\/wp-json\/wp\/v2\/media?parent=14"}],"curies":[{"name":"wp","href":"https:\/\/api.w.org\/{rel}","templated":true}]}}