{"id":18,"date":"2016-12-19T11:52:37","date_gmt":"2016-12-19T10:52:37","guid":{"rendered":"http:\/\/tolosane-conduite-autoecole.com\/fr\/?page_id=18"},"modified":"2024-11-26T12:52:41","modified_gmt":"2024-11-26T11:52:41","slug":"permis-moto","status":"publish","type":"page","link":"https:\/\/tolosane-conduite-autoecole.com\/fr\/permis-moto\/","title":{"rendered":"Permis moto"},"content":{"rendered":"<p>[vc_row][vc_column][vc_single_image image=\u00a0\u00bb85&Prime; img_size=\u00a0\u00bbfull\u00a0\u00bb alignment=\u00a0\u00bbcenter\u00a0\u00bb qode_css_animation=\u00a0\u00bbelement_from_top\u00a0\u00bb transition_delay=\u00a0\u00bb2&Prime;][\/vc_column][\/vc_row][vc_row][vc_column][vc_empty_space height=\u00a0\u00bb50px\u00a0\u00bb][\/vc_column][\/vc_row][vc_row type=\u00a0\u00bbgrid\u00a0\u00bb css=\u00a0\u00bb.vc_custom_1483468167923{margin-bottom: 50px !important;}\u00a0\u00bb][vc_column][vc_tta_tabs][vc_tta_section title=\u00a0\u00bbPermis A2&Prime; tab_id=\u00a0\u00bb1483466266104-702be4e2-99fcf65b-d9f9&Prime;][vc_row_inner][vc_column_inner width=\u00a0\u00bb2\/3&Prime;][vc_empty_space height=\u00a0\u00bb30px\u00a0\u00bb][vc_column_text el_class=\u00a0\u00bbsection-tabs\u00a0\u00bb]<\/p>\n<h2 class=\"titleh2\"><strong>Permis moto<\/strong> A2<\/h2>\n<p>Vous voulez vivre la route autrement, vous aspirez \u00e0 une certaine libert\u00e9 et de nouvelles sensations ? Venez rejoindre le fabuleux univers des motards, quel que soit votre \u00e2ge ou le type de moto qui vous fait r\u00eaver !<\/p>\n<p>&nbsp;<\/p>\n<h2><span style=\"color: #70bb4e;\">D\u00e9roulement de la formation &#8211; La formation comprend :<\/span><\/h2>\n<p>Si vous avez plus de 5 ans de permis B il vous faudra repasser l\u2019\u00e9preuve th\u00e9orique g\u00e9n\u00e9rale <em>(code)<\/em> dans un premier temps ou si vous n\u2019avez aucun permis.<\/p>\n<p>Une formation pratique int\u00e9grant l\u2019apprentissage de la conduite du v\u00e9hicule, ainsi que diff\u00e9rents modules de s\u00e9curit\u00e9 routi\u00e8re destin\u00e9s \u00e0 renforcer le comportement positif de l\u2019apprenti conducteur. Elle se d\u00e9roule sur piste et en circulation, en liaison permanente avec votre formateur.[\/vc_column_text][\/vc_column_inner][vc_column_inner width=\u00a0\u00bb1\/3&Prime;][vc_empty_space height=\u00a0\u00bb50px\u00a0\u00bb][vc_column_text]<\/p>\n<h2><span style=\"color: #70bb4e;\">Pi\u00e8ces \u00e0 fournir :<\/span><\/h2>\n<p>Pour votre inscription, vous devez vous munir des documents suivants :<\/p>\n<p style=\"padding-left: 30px;\">&#8211; E-photos<br \/>\n&#8211; Original de la pi\u00e8ce d&rsquo;identit\u00e9<br \/>\n&#8211; Justificatif de domicile de moins de 6 mois (facture EDF, eau, t\u00e9l\u00e9phone, \u2026)<br \/>\n&#8211; Attestation d&rsquo;h\u00e9bergement et pi\u00e8ce d&rsquo;identit\u00e9 du signataire si le candidat n&rsquo;a pas de facture \u00e0 son nom<br \/>\n&#8211; Permis de conduire si le candidat est d\u00e9j\u00e0 titulaire d&rsquo;un premier permis<\/p>\n<p>&nbsp;<\/p>\n<h2><span style=\"color: #70bb4e;\">Photocopies :<\/span><\/h2>\n<p style=\"padding-left: 30px;\">&#8211; Pi\u00e8ce d&rsquo;identit\u00e9 recto verso<em> (carte nationale d&rsquo;identit\u00e9, passeport ou carte de s\u00e9jour en cours de validit\u00e9 ou p\u00e9rim\u00e9 depuis moins de deux ans)<\/em>.<br \/>\n&#8211; Photocopie recto-verso du permis de conduire le cas \u00e9ch\u00e9ant.<br \/>\n&#8211; Certificat de participation \u00e0 la Journ\u00e9e Du Citoyen<em> (JDC)<\/em>, si vous \u00eates de nationalit\u00e9 fran\u00e7aise et \u00e2g\u00e9 de 18 \u00e0 25 ans.<\/p>\n<p>[\/vc_column_text][\/vc_column_inner][\/vc_row_inner][vc_empty_space height=\u00a0\u00bb20px\u00a0\u00bb][vc_row_inner][vc_column_inner width=\u00a0\u00bb1\/4&Prime; css=\u00a0\u00bb.vc_custom_1483467734585{padding-bottom: 15px !important;}\u00a0\u00bb]<a href=\"https:\/\/tolosane-conduite-autoecole.com\/fr\/inscriptions\/\" target=\"_self\" data-hover-background-color=#70bb4e data-hover-border-color=#70bb4e data-hover-color=#ffffff class=\"qbutton  medium white\" style=\"color: #70bb4e; border-color: #70bb4e; font-style: normal; font-weight: 400; border-radius: 5px;-moz-border-radius: 5px;-webkit-border-radius: 5px; background-color: #ffffff;\">Formulaire de pr\u00e9-inscription<\/a>[\/vc_column_inner][vc_column_inner width=\u00a0\u00bb1\/4&Prime; css=\u00a0\u00bb.vc_custom_1483467413479{padding-bottom: 15px !important;}\u00a0\u00bb]<a href=\"https:\/\/tolosane-conduite-autoecole.com\/fr\/contact\/\" target=\"_self\" data-hover-background-color=#70bb4e data-hover-border-color=#70bb4e data-hover-color=#ffffff class=\"qbutton  medium white\" style=\"color: #70bb4e; border-color: #70bb4e; font-style: normal; font-weight: 400; border-radius: 5px;-moz-border-radius: 5px;-webkit-border-radius: 5px; background-color: #ffffff;\">Je souhaite plus de renseignements<\/a>[\/vc_column_inner][vc_column_inner el_class=\u00a0\u00bbfaq\u00a0\u00bb width=\u00a0\u00bb1\/4&Prime; css=\u00a0\u00bb.vc_custom_1483467428922{padding-bottom: 15px !important;}\u00a0\u00bb][\/vc_column_inner][vc_column_inner width=\u00a0\u00bb1\/4&Prime;][\/vc_column_inner][\/vc_row_inner][vc_empty_space height=\u00a0\u00bb20px\u00a0\u00bb][vc_row_inner][vc_column_inner][vc_single_image image=\u00a0\u00bb208&Prime; img_size=\u00a0\u00bbfull\u00a0\u00bb][\/vc_column_inner][\/vc_row_inner][\/vc_tta_section][vc_tta_section title=\u00a0\u00bbPasserelle A2\/A\u00a0\u00bb tab_id=\u00a0\u00bb1483466266230-90ed8027-8761f65b-d9f9&Prime;][vc_row_inner][vc_column_inner width=\u00a0\u00bb2\/3&Prime;][vc_empty_space height=\u00a0\u00bb30px\u00a0\u00bb][vc_column_text el_class=\u00a0\u00bbsection-tabs\u00a0\u00bb]<\/p>\n<h2 class=\"titleh2\"><strong>Permis moto<\/strong> Passerelle A2\/A<\/h2>\n<p><strong>Le permis moto en acc\u00e8s direct n&rsquo;existe plus depuis juin 2016.<\/strong><br \/>\n<strong> Cependant le contenu de la formation reste le m\u00eame qu&rsquo;auparavant.<\/strong><\/p>\n<p>L&rsquo;acc\u00e8s au permis A impose d&rsquo;obtenir un permis A2 qui oblige \u00e0\u00a0piloter une moto d&rsquo;une puissance maximale de 47 cv 1\/2.<\/p>\n<p>Apr\u00e8s deux ann\u00e9es de permis A2 il vous sera possible de suivre une formation passerelle de 7h en moto-\u00e9cole et de faire ensuite transformer votre titre A2 en A.<\/p>\n<p>&nbsp;<\/p>\n<h2><span style=\"color: #70bb4e;\">Au bout de deux ans de permis\u00a0 :<\/span><\/h2>\n<p>[\/vc_column_text][\/vc_column_inner][vc_column_inner width=\u00a0\u00bb1\/3&Prime;][vc_empty_space height=\u00a0\u00bb50px\u00a0\u00bb][vc_column_text]<\/p>\n<h2><span style=\"color: #70bb4e;\">Pi\u00e8ces \u00e0 fournir :<\/span><\/h2>\n<p>Pour votre inscription, vous devez vous munir du document suivant :<\/p>\n<p style=\"padding-left: 30px;\">&#8211; E-photos<br \/>\n&#8211; Original de la pi\u00e8ce d&rsquo;identit\u00e9<br \/>\n&#8211; Justificatif de domicile de moins de 6 mois (facture EDF, eau, t\u00e9l\u00e9phone, \u2026)<br \/>\n&#8211; Attestation d&rsquo;h\u00e9bergement et pi\u00e8ce d&rsquo;identit\u00e9 du signataire si le candidat n&rsquo;a pas de facture \u00e0 son nom<br \/>\n&#8211; Permis de conduire si le candidat est d\u00e9j\u00e0 titulaire d&rsquo;un premier permis<\/p>\n<p>[\/vc_column_text][\/vc_column_inner][\/vc_row_inner][vc_empty_space height=\u00a0\u00bb20px\u00a0\u00bb][vc_row_inner][vc_column_inner width=\u00a0\u00bb1\/4&Prime; css=\u00a0\u00bb.vc_custom_1483467734585{padding-bottom: 15px !important;}\u00a0\u00bb]<a href=\"https:\/\/tolosane-conduite-autoecole.com\/fr\/inscriptions\/\" target=\"_self\" data-hover-background-color=#70bb4e data-hover-border-color=#70bb4e data-hover-color=#ffffff class=\"qbutton  medium white\" style=\"color: #70bb4e; border-color: #70bb4e; font-style: normal; font-weight: 400; border-radius: 5px;-moz-border-radius: 5px;-webkit-border-radius: 5px; background-color: #ffffff;\">Formulaire de pr\u00e9-inscription<\/a>[\/vc_column_inner][vc_column_inner width=\u00a0\u00bb1\/4&Prime; css=\u00a0\u00bb.vc_custom_1483467413479{padding-bottom: 15px !important;}\u00a0\u00bb]<a href=\"https:\/\/tolosane-conduite-autoecole.com\/fr\/contact\/\" target=\"_self\" data-hover-background-color=#70bb4e data-hover-border-color=#70bb4e data-hover-color=#ffffff class=\"qbutton  medium white\" style=\"color: #70bb4e; border-color: #70bb4e; font-style: normal; font-weight: 400; border-radius: 5px;-moz-border-radius: 5px;-webkit-border-radius: 5px; background-color: #ffffff;\">Je souhaite plus de renseignements<\/a>[\/vc_column_inner][vc_column_inner el_class=\u00a0\u00bbfaq\u00a0\u00bb width=\u00a0\u00bb1\/4&Prime; css=\u00a0\u00bb.vc_custom_1483467428922{padding-bottom: 15px !important;}\u00a0\u00bb][\/vc_column_inner][vc_column_inner width=\u00a0\u00bb1\/4&Prime;][\/vc_column_inner][\/vc_row_inner][vc_empty_space height=\u00a0\u00bb20px\u00a0\u00bb][vc_row_inner][vc_column_inner][vc_single_image image=\u00a0\u00bb209&Prime; img_size=\u00a0\u00bbfull\u00a0\u00bb][\/vc_column_inner][\/vc_row_inner][\/vc_tta_section][\/vc_tta_tabs][\/vc_column][\/vc_row][vc_row content_placement=\u00a0\u00bbmiddle\u00a0\u00bb type=\u00a0\u00bbgrid\u00a0\u00bb text_align=\u00a0\u00bbcenter\u00a0\u00bb][vc_column][vc_column_text el_class=\u00a0\u00bbobjectifs\u00a0\u00bb]<\/p>\n<h2>NOTRE OBJECTIF, VOTRE R\u00c9USSITE. VOTRE FORCE, NOTRE \u00c9QUIPE \u2026<\/h2>\n<p>[\/vc_column_text][\/vc_column][\/vc_row][vc_row bg_type=\u00a0\u00bbbg_color\u00a0\u00bb bg_override=\u00a0\u00bbfull\u00a0\u00bb bg_color_value=\u00a0\u00bb#f2f2f2&Prime; css=\u00a0\u00bb.vc_custom_1484572714489{margin-top: 40px !important;}\u00a0\u00bb][vc_column]<div class=\"container_inner\"><div class=\"call_to_action normal\" style=\"background-color: #f2f2f2;border-top: 1px solid #f2f2f2;\"><div class=\"two_columns_75_25 clearfix\"><div class=\"text_wrapper column1\"><div class=\"call_to_action_text\" style=\"\"><\/p>\n<h3>Vous avez besoin de revoir les bases de la conduite ?<br \/>\nVous souhaitez\u00a0vous remettre \u00e0 niveau ?<\/h3>\n<p><\/div><\/div><div class=\"button_wrapper column2\"><a href=\"https:\/\/tolosane-conduite-autoecole.com\/fr\/remise-a-niveau-permis\/\" class=\"qbutton large\" target=\"_self\" style=\"color: #ffffff;border-color: #70bb4e;background-color: #70bb4e;\"data-hover-background-color=#ffffff data-hover-border-color=#70bb4e data-hover-color=#70bb4e>JE VEUX D\u00c9COUVRIR<\/a><\/div><\/div><\/div><\/div>[\/vc_column][\/vc_row]<\/p>\n","protected":false},"excerpt":{"rendered":"<p>[vc_row][vc_column][vc_single_image image=\u00a0\u00bb85&Prime; img_size=\u00a0\u00bbfull\u00a0\u00bb alignment=\u00a0\u00bbcenter\u00a0\u00bb qode_css_animation=\u00a0\u00bbelement_from_top\u00a0\u00bb transition_delay=\u00a0\u00bb2&Prime;][\/vc_column][\/vc_row][vc_row][vc_column][vc_empty_space height=\u00a0\u00bb50px\u00a0\u00bb][\/vc_column][\/vc_row][vc_row type=\u00a0\u00bbgrid\u00a0\u00bb css=\u00a0\u00bb.vc_custom_1483468167923{margin-bottom: 50px !important;}\u00a0\u00bb][vc_column][vc_tta_tabs][vc_tta_section title=\u00a0\u00bbPermis A2&Prime; tab_id=\u00a0\u00bb1483466266104-702be4e2-99fcf65b-d9f9&Prime;][vc_row_inner][vc_column_inner width=\u00a0\u00bb2\/3&Prime;][vc_empty_space height=\u00a0\u00bb30px\u00a0\u00bb][vc_column_text el_class=\u00a0\u00bbsection-tabs\u00a0\u00bb] Permis moto A2 Vous voulez vivre la route autrement, vous aspirez \u00e0 une certaine libert\u00e9 et de nouvelles sensations ? Venez rejoindre le fabuleux univers des motards, quel&#8230;<\/p>\n","protected":false},"author":1,"featured_media":0,"parent":0,"menu_order":0,"comment_status":"closed","ping_status":"closed","template":"full_width.php","meta":{"footnotes":""},"class_list":["post-18","page","type-page","status-publish","hentry"],"yoast_head":"<!-- This site is optimized with the Yoast SEO plugin v27.3 - https:\/\/yoast.com\/product\/yoast-seo-wordpress\/ -->\n<title>Auto-\u00c9cole Tolosane conduite | Permis A, Conduite assist\u00e9e et Plus<\/title>\n<meta name=\"description\" content=\"Auto-\u00e9cole \u00e0 Cugnaux. Formation au permis A, conduite accompagn\u00e9e et perfectionnement. R\u00e9servez votre cours aujourd\u2019hui !\" \/>\n<meta name=\"robots\" content=\"index, follow, max-snippet:-1, max-image-preview:large, max-video-preview:-1\" \/>\n<link rel=\"canonical\" href=\"https:\/\/tolosane-conduite-autoecole.com\/fr\/permis-moto\/\" \/>\n<meta property=\"og:locale\" content=\"fr_FR\" \/>\n<meta property=\"og:type\" content=\"article\" \/>\n<meta property=\"og:title\" content=\"Auto-\u00c9cole Tolosane conduite | Permis A, Conduite assist\u00e9e et Plus\" \/>\n<meta property=\"og:description\" content=\"Auto-\u00e9cole \u00e0 Cugnaux. Formation au permis A, conduite accompagn\u00e9e et perfectionnement. R\u00e9servez votre cours aujourd\u2019hui !\" \/>\n<meta property=\"og:url\" content=\"https:\/\/tolosane-conduite-autoecole.com\/fr\/permis-moto\/\" \/>\n<meta property=\"og:site_name\" content=\"Tolosane Conduite\" \/>\n<meta property=\"article:publisher\" content=\"https:\/\/www.facebook.com\/tolosane.conduite\" \/>\n<meta property=\"article:modified_time\" content=\"2024-11-26T11:52:41+00:00\" \/>\n<meta property=\"og:image\" content=\"https:\/\/tolosane-conduite-autoecole.com\/fr\/wp-content\/uploads\/2016\/12\/logo.png\" \/>\n\t<meta property=\"og:image:width\" content=\"110\" \/>\n\t<meta property=\"og:image:height\" content=\"132\" \/>\n\t<meta property=\"og:image:type\" content=\"image\/png\" \/>\n<meta name=\"twitter:card\" content=\"summary_large_image\" \/>\n<meta name=\"twitter:label1\" content=\"Dur\u00e9e de lecture estim\u00e9e\" \/>\n\t<meta name=\"twitter:data1\" content=\"5 minutes\" \/>\n<script type=\"application\/ld+json\" class=\"yoast-schema-graph\">{\"@context\":\"https:\\\/\\\/schema.org\",\"@graph\":[{\"@type\":[\"Article\",\"BlogPosting\"],\"@id\":\"https:\\\/\\\/tolosane-conduite-autoecole.com\\\/fr\\\/permis-moto\\\/#article\",\"isPartOf\":{\"@id\":\"https:\\\/\\\/tolosane-conduite-autoecole.com\\\/fr\\\/permis-moto\\\/\"},\"author\":{\"name\":\"bucerepdigital\",\"@id\":\"https:\\\/\\\/tolosane-conduite-autoecole.com\\\/fr\\\/#\\\/schema\\\/person\\\/6718a5cc96cf47491152861a35319349\"},\"headline\":\"Permis moto\",\"datePublished\":\"2016-12-19T10:52:37+00:00\",\"dateModified\":\"2024-11-26T11:52:41+00:00\",\"mainEntityOfPage\":{\"@id\":\"https:\\\/\\\/tolosane-conduite-autoecole.com\\\/fr\\\/permis-moto\\\/\"},\"wordCount\":1099,\"publisher\":{\"@id\":\"https:\\\/\\\/tolosane-conduite-autoecole.com\\\/fr\\\/#organization\"},\"inLanguage\":\"fr-FR\"},{\"@type\":\"WebPage\",\"@id\":\"https:\\\/\\\/tolosane-conduite-autoecole.com\\\/fr\\\/permis-moto\\\/\",\"url\":\"https:\\\/\\\/tolosane-conduite-autoecole.com\\\/fr\\\/permis-moto\\\/\",\"name\":\"Auto-\u00c9cole Tolosane conduite | Permis A, Conduite assist\u00e9e et Plus\",\"isPartOf\":{\"@id\":\"https:\\\/\\\/tolosane-conduite-autoecole.com\\\/fr\\\/#website\"},\"datePublished\":\"2016-12-19T10:52:37+00:00\",\"dateModified\":\"2024-11-26T11:52:41+00:00\",\"description\":\"Auto-\u00e9cole \u00e0 Cugnaux. Formation au permis A, conduite accompagn\u00e9e et perfectionnement. R\u00e9servez votre cours aujourd\u2019hui !\",\"breadcrumb\":{\"@id\":\"https:\\\/\\\/tolosane-conduite-autoecole.com\\\/fr\\\/permis-moto\\\/#breadcrumb\"},\"inLanguage\":\"fr-FR\",\"potentialAction\":[{\"@type\":\"ReadAction\",\"target\":[\"https:\\\/\\\/tolosane-conduite-autoecole.com\\\/fr\\\/permis-moto\\\/\"]}]},{\"@type\":\"BreadcrumbList\",\"@id\":\"https:\\\/\\\/tolosane-conduite-autoecole.com\\\/fr\\\/permis-moto\\\/#breadcrumb\",\"itemListElement\":[{\"@type\":\"ListItem\",\"position\":1,\"name\":\"Accueil\",\"item\":\"https:\\\/\\\/tolosane-conduite-autoecole.com\\\/fr\\\/\"},{\"@type\":\"ListItem\",\"position\":2,\"name\":\"Permis moto\"}]},{\"@type\":\"WebSite\",\"@id\":\"https:\\\/\\\/tolosane-conduite-autoecole.com\\\/fr\\\/#website\",\"url\":\"https:\\\/\\\/tolosane-conduite-autoecole.com\\\/fr\\\/\",\"name\":\"Tolosane Conduite\",\"description\":\"Auto-\u00e9cole \u00e0 Cugnaux\",\"publisher\":{\"@id\":\"https:\\\/\\\/tolosane-conduite-autoecole.com\\\/fr\\\/#organization\"},\"potentialAction\":[{\"@type\":\"SearchAction\",\"target\":{\"@type\":\"EntryPoint\",\"urlTemplate\":\"https:\\\/\\\/tolosane-conduite-autoecole.com\\\/fr\\\/?s={search_term_string}\"},\"query-input\":{\"@type\":\"PropertyValueSpecification\",\"valueRequired\":true,\"valueName\":\"search_term_string\"}}],\"inLanguage\":\"fr-FR\"},{\"@type\":\"Organization\",\"@id\":\"https:\\\/\\\/tolosane-conduite-autoecole.com\\\/fr\\\/#organization\",\"name\":\"Tolosane Conduite\",\"url\":\"https:\\\/\\\/tolosane-conduite-autoecole.com\\\/fr\\\/\",\"logo\":{\"@type\":\"ImageObject\",\"inLanguage\":\"fr-FR\",\"@id\":\"https:\\\/\\\/tolosane-conduite-autoecole.com\\\/fr\\\/#\\\/schema\\\/logo\\\/image\\\/\",\"url\":\"https:\\\/\\\/tolosane-conduite-autoecole.com\\\/fr\\\/wp-content\\\/uploads\\\/2016\\\/12\\\/logo.png\",\"contentUrl\":\"https:\\\/\\\/tolosane-conduite-autoecole.com\\\/fr\\\/wp-content\\\/uploads\\\/2016\\\/12\\\/logo.png\",\"width\":110,\"height\":132,\"caption\":\"Tolosane Conduite\"},\"image\":{\"@id\":\"https:\\\/\\\/tolosane-conduite-autoecole.com\\\/fr\\\/#\\\/schema\\\/logo\\\/image\\\/\"},\"sameAs\":[\"https:\\\/\\\/www.facebook.com\\\/tolosane.conduite\"]},{\"@type\":\"Person\",\"@id\":\"https:\\\/\\\/tolosane-conduite-autoecole.com\\\/fr\\\/#\\\/schema\\\/person\\\/6718a5cc96cf47491152861a35319349\",\"name\":\"bucerepdigital\",\"image\":{\"@type\":\"ImageObject\",\"inLanguage\":\"fr-FR\",\"@id\":\"https:\\\/\\\/secure.gravatar.com\\\/avatar\\\/1aae4b66aa54c208b73ff080718ae3fb977a15c52616045caf7267bfc9153241?s=96&d=mm&r=g\",\"url\":\"https:\\\/\\\/secure.gravatar.com\\\/avatar\\\/1aae4b66aa54c208b73ff080718ae3fb977a15c52616045caf7267bfc9153241?s=96&d=mm&r=g\",\"contentUrl\":\"https:\\\/\\\/secure.gravatar.com\\\/avatar\\\/1aae4b66aa54c208b73ff080718ae3fb977a15c52616045caf7267bfc9153241?s=96&d=mm&r=g\",\"caption\":\"bucerepdigital\"},\"url\":\"https:\\\/\\\/tolosane-conduite-autoecole.com\\\/fr\\\/author\\\/bucerepdigital\\\/\"}]}<\/script>\n<!-- \/ Yoast SEO plugin. -->","yoast_head_json":{"title":"Auto-\u00c9cole Tolosane conduite | Permis A, Conduite assist\u00e9e et Plus","description":"Auto-\u00e9cole \u00e0 Cugnaux. Formation au permis A, conduite accompagn\u00e9e et perfectionnement. R\u00e9servez votre cours aujourd\u2019hui !","robots":{"index":"index","follow":"follow","max-snippet":"max-snippet:-1","max-image-preview":"max-image-preview:large","max-video-preview":"max-video-preview:-1"},"canonical":"https:\/\/tolosane-conduite-autoecole.com\/fr\/permis-moto\/","og_locale":"fr_FR","og_type":"article","og_title":"Auto-\u00c9cole Tolosane conduite | Permis A, Conduite assist\u00e9e et Plus","og_description":"Auto-\u00e9cole \u00e0 Cugnaux. Formation au permis A, conduite accompagn\u00e9e et perfectionnement. R\u00e9servez votre cours aujourd\u2019hui !","og_url":"https:\/\/tolosane-conduite-autoecole.com\/fr\/permis-moto\/","og_site_name":"Tolosane Conduite","article_publisher":"https:\/\/www.facebook.com\/tolosane.conduite","article_modified_time":"2024-11-26T11:52:41+00:00","og_image":[{"width":110,"height":132,"url":"https:\/\/tolosane-conduite-autoecole.com\/fr\/wp-content\/uploads\/2016\/12\/logo.png","type":"image\/png"}],"twitter_card":"summary_large_image","twitter_misc":{"Dur\u00e9e de lecture estim\u00e9e":"5 minutes"},"schema":{"@context":"https:\/\/schema.org","@graph":[{"@type":["Article","BlogPosting"],"@id":"https:\/\/tolosane-conduite-autoecole.com\/fr\/permis-moto\/#article","isPartOf":{"@id":"https:\/\/tolosane-conduite-autoecole.com\/fr\/permis-moto\/"},"author":{"name":"bucerepdigital","@id":"https:\/\/tolosane-conduite-autoecole.com\/fr\/#\/schema\/person\/6718a5cc96cf47491152861a35319349"},"headline":"Permis moto","datePublished":"2016-12-19T10:52:37+00:00","dateModified":"2024-11-26T11:52:41+00:00","mainEntityOfPage":{"@id":"https:\/\/tolosane-conduite-autoecole.com\/fr\/permis-moto\/"},"wordCount":1099,"publisher":{"@id":"https:\/\/tolosane-conduite-autoecole.com\/fr\/#organization"},"inLanguage":"fr-FR"},{"@type":"WebPage","@id":"https:\/\/tolosane-conduite-autoecole.com\/fr\/permis-moto\/","url":"https:\/\/tolosane-conduite-autoecole.com\/fr\/permis-moto\/","name":"Auto-\u00c9cole Tolosane conduite | Permis A, Conduite assist\u00e9e et Plus","isPartOf":{"@id":"https:\/\/tolosane-conduite-autoecole.com\/fr\/#website"},"datePublished":"2016-12-19T10:52:37+00:00","dateModified":"2024-11-26T11:52:41+00:00","description":"Auto-\u00e9cole \u00e0 Cugnaux. Formation au permis A, conduite accompagn\u00e9e et perfectionnement. R\u00e9servez votre cours aujourd\u2019hui !","breadcrumb":{"@id":"https:\/\/tolosane-conduite-autoecole.com\/fr\/permis-moto\/#breadcrumb"},"inLanguage":"fr-FR","potentialAction":[{"@type":"ReadAction","target":["https:\/\/tolosane-conduite-autoecole.com\/fr\/permis-moto\/"]}]},{"@type":"BreadcrumbList","@id":"https:\/\/tolosane-conduite-autoecole.com\/fr\/permis-moto\/#breadcrumb","itemListElement":[{"@type":"ListItem","position":1,"name":"Accueil","item":"https:\/\/tolosane-conduite-autoecole.com\/fr\/"},{"@type":"ListItem","position":2,"name":"Permis moto"}]},{"@type":"WebSite","@id":"https:\/\/tolosane-conduite-autoecole.com\/fr\/#website","url":"https:\/\/tolosane-conduite-autoecole.com\/fr\/","name":"Tolosane Conduite","description":"Auto-\u00e9cole \u00e0 Cugnaux","publisher":{"@id":"https:\/\/tolosane-conduite-autoecole.com\/fr\/#organization"},"potentialAction":[{"@type":"SearchAction","target":{"@type":"EntryPoint","urlTemplate":"https:\/\/tolosane-conduite-autoecole.com\/fr\/?s={search_term_string}"},"query-input":{"@type":"PropertyValueSpecification","valueRequired":true,"valueName":"search_term_string"}}],"inLanguage":"fr-FR"},{"@type":"Organization","@id":"https:\/\/tolosane-conduite-autoecole.com\/fr\/#organization","name":"Tolosane Conduite","url":"https:\/\/tolosane-conduite-autoecole.com\/fr\/","logo":{"@type":"ImageObject","inLanguage":"fr-FR","@id":"https:\/\/tolosane-conduite-autoecole.com\/fr\/#\/schema\/logo\/image\/","url":"https:\/\/tolosane-conduite-autoecole.com\/fr\/wp-content\/uploads\/2016\/12\/logo.png","contentUrl":"https:\/\/tolosane-conduite-autoecole.com\/fr\/wp-content\/uploads\/2016\/12\/logo.png","width":110,"height":132,"caption":"Tolosane Conduite"},"image":{"@id":"https:\/\/tolosane-conduite-autoecole.com\/fr\/#\/schema\/logo\/image\/"},"sameAs":["https:\/\/www.facebook.com\/tolosane.conduite"]},{"@type":"Person","@id":"https:\/\/tolosane-conduite-autoecole.com\/fr\/#\/schema\/person\/6718a5cc96cf47491152861a35319349","name":"bucerepdigital","image":{"@type":"ImageObject","inLanguage":"fr-FR","@id":"https:\/\/secure.gravatar.com\/avatar\/1aae4b66aa54c208b73ff080718ae3fb977a15c52616045caf7267bfc9153241?s=96&d=mm&r=g","url":"https:\/\/secure.gravatar.com\/avatar\/1aae4b66aa54c208b73ff080718ae3fb977a15c52616045caf7267bfc9153241?s=96&d=mm&r=g","contentUrl":"https:\/\/secure.gravatar.com\/avatar\/1aae4b66aa54c208b73ff080718ae3fb977a15c52616045caf7267bfc9153241?s=96&d=mm&r=g","caption":"bucerepdigital"},"url":"https:\/\/tolosane-conduite-autoecole.com\/fr\/author\/bucerepdigital\/"}]}},"_links":{"self":[{"href":"https:\/\/tolosane-conduite-autoecole.com\/fr\/wp-json\/wp\/v2\/pages\/18","targetHints":{"allow":["GET"]}}],"collection":[{"href":"https:\/\/tolosane-conduite-autoecole.com\/fr\/wp-json\/wp\/v2\/pages"}],"about":[{"href":"https:\/\/tolosane-conduite-autoecole.com\/fr\/wp-json\/wp\/v2\/types\/page"}],"author":[{"embeddable":true,"href":"https:\/\/tolosane-conduite-autoecole.com\/fr\/wp-json\/wp\/v2\/users\/1"}],"replies":[{"embeddable":true,"href":"https:\/\/tolosane-conduite-autoecole.com\/fr\/wp-json\/wp\/v2\/comments?post=18"}],"version-history":[{"count":0,"href":"https:\/\/tolosane-conduite-autoecole.com\/fr\/wp-json\/wp\/v2\/pages\/18\/revisions"}],"wp:attachment":[{"href":"https:\/\/tolosane-conduite-autoecole.com\/fr\/wp-json\/wp\/v2\/media?parent=18"}],"curies":[{"name":"wp","href":"https:\/\/api.w.org\/{rel}","templated":true}]}}