{"id":22,"date":"2016-12-19T11:53:27","date_gmt":"2016-12-19T10:53:27","guid":{"rendered":"http:\/\/tolosane-conduite-autoecole.com\/fr\/?page_id=22"},"modified":"2024-11-26T13:04:53","modified_gmt":"2024-11-26T12:04:53","slug":"a-telecharger","status":"publish","type":"page","link":"https:\/\/tolosane-conduite-autoecole.com\/fr\/a-telecharger\/","title":{"rendered":"\u00c0 t\u00e9l\u00e9charger"},"content":{"rendered":"<p>[vc_row][vc_column][vc_single_image image=\u00a0\u00bb463&Prime; img_size=\u00a0\u00bbfull\u00a0\u00bb alignment=\u00a0\u00bbcenter\u00a0\u00bb][\/vc_column][\/vc_row][vc_row type=\u00a0\u00bbgrid\u00a0\u00bb css=\u00a0\u00bb.vc_custom_1484069081470{margin-top: 60px !important;}\u00a0\u00bb][vc_column][vc_column_text el_class=\u00a0\u00bbobjectifs\u00a0\u00bb]<\/p>\n<h2 class=\"telecharger\">Documents \u00e0 t\u00e9l\u00e9charger<\/h2>\n<p>[\/vc_column_text][vc_empty_space height=\u00a0\u00bb40px\u00a0\u00bb][vc_row_inner][vc_column_inner width=\u00a0\u00bb1\/2&Prime; css=\u00a0\u00bb.vc_custom_1483634047847{padding-bottom: 15px !important;}\u00a0\u00bb]<a href=\"https:\/\/tolosane-conduite-autoecole.com\/fr\/wp-content\/uploads\/2018\/09\/eval_cugnaux.pdf\" target=\"_blank\" data-hover-background-color=#70bb4e data-hover-border-color=#70bb4e data-hover-color=#ffffff class=\"qbutton  medium white qbutton_with_icon\" style=\"color: #70bb4e; border-color: #70bb4e; font-style: normal; font-weight: 300; border-radius: 5px;-moz-border-radius: 5px;-webkit-border-radius: 5px; background-color: #ffffff;\">PROC\u00c9D\u00c9 D\u2019\u00c9VALUATION DE D\u00c9PART<i class=\"button_icon fa fa-file-pdf-o\" style=\"\"><\/i><\/a>[vc_empty_space height=\u00a0\u00bb35px\u00a0\u00bb]<a href=\"https:\/\/tolosane-conduite-autoecole.com\/fr\/wp-content\/uploads\/2018\/09\/condition-usage-piste.pdf\" target=\"_blank\" data-hover-background-color=#70bb4e data-hover-border-color=#70bb4e data-hover-color=#ffffff class=\"qbutton  medium white qbutton_with_icon\" style=\"color: #70bb4e; border-color: #70bb4e; font-style: normal; font-weight: 300; border-radius: 5px;-moz-border-radius: 5px;-webkit-border-radius: 5px; background-color: #ffffff;\">FORMATION PR\u00c9PARATOIRE \u00c0 LA CONDUITE<i class=\"button_icon fa fa-file-pdf-o\" style=\"\"><\/i><\/a>[vc_empty_space height=\u00a0\u00bb35px\u00a0\u00bb]<a href=\"https:\/\/tolosane-conduite-autoecole.com\/fr\/wp-content\/uploads\/2018\/09\/Deroulement-Formation.pdf\" target=\"_blank\" data-hover-background-color=#70bb4e data-hover-border-color=#70bb4e data-hover-color=#ffffff class=\"qbutton  medium white qbutton_with_icon\" style=\"color: #70bb4e; border-color: #70bb4e; font-style: normal; font-weight: 300; border-radius: 5px;-moz-border-radius: 5px;-webkit-border-radius: 5px; background-color: #ffffff;\">D\u00e9roulement de la formation \u00e0 la cat\u00e9gorie B du permis de conduire<i class=\"button_icon fa fa-file-pdf-o\" style=\"\"><\/i><\/a>[vc_empty_space height=\u00a0\u00bb35px\u00a0\u00bb]<a href=\"https:\/\/tolosane-conduite-autoecole.com\/fr\/wp-content\/uploads\/2021\/10\/cours_theorique_et_pratiques_critere3-1QUALIOPI.pdf\" target=\"_blank\" data-hover-background-color=#70bb4e data-hover-border-color=#70bb4e data-hover-color=#ffffff class=\"qbutton  medium white qbutton_with_icon\" style=\"color: #70bb4e; border-color: #70bb4e; font-style: normal; font-weight: 300; border-radius: 5px;-moz-border-radius: 5px;-webkit-border-radius: 5px; background-color: #ffffff;\">Horaires des cours th\u00e9oriques<i class=\"button_icon fa fa-file-pdf-o\" style=\"\"><\/i><\/a>[vc_empty_space height=\u00a0\u00bb35px\u00a0\u00bb]<a href=\"https:\/\/tolosane-conduite-autoecole.com\/fr\/wp-content\/uploads\/2018\/09\/Reglement-Interieur.pdf\" target=\"_blank\" data-hover-background-color=#70bb4e data-hover-border-color=#70bb4e data-hover-color=#ffffff class=\"qbutton  medium white qbutton_with_icon\" style=\"color: #70bb4e; border-color: #70bb4e; font-style: normal; font-weight: 300; border-radius: 5px;-moz-border-radius: 5px;-webkit-border-radius: 5px; background-color: #ffffff;\">R\u00c8GLEMENT INT\u00c9RIEUR Tolosane Conduite<i class=\"button_icon fa fa-file-pdf-o\" style=\"\"><\/i><\/a>[vc_empty_space height=\u00a0\u00bb35px\u00a0\u00bb]<a href=\"https:\/\/tolosane-conduite-autoecole.com\/fr\/wp-content\/uploads\/2017\/01\/Attestation-h\u00e9bergement.pdf\" target=\"_blank\" data-hover-background-color=#70bb4e data-hover-border-color=#70bb4e data-hover-color=#ffffff class=\"qbutton  medium white qbutton_with_icon\" style=\"color: #70bb4e; border-color: #70bb4e; font-style: normal; font-weight: 300; border-radius: 5px;-moz-border-radius: 5px;-webkit-border-radius: 5px; background-color: #ffffff;\">Attestation d'h\u00e9bergement<i class=\"button_icon fa fa-file-pdf-o\" style=\"\"><\/i><\/a>[vc_empty_space height=\u00a0\u00bb35px\u00a0\u00bb]<a href=\"https:\/\/tolosane-conduite-autoecole.com\/fr\/wp-content\/uploads\/2017\/01\/Repasser-permis-apr\u00e8s-annulation.pdf\" target=\"_blank\" data-hover-background-color=#70bb4e data-hover-border-color=#70bb4e data-hover-color=#ffffff class=\"qbutton  medium white qbutton_with_icon\" style=\"color: #70bb4e; border-color: #70bb4e; font-style: normal; font-weight: 300; border-radius: 5px;-moz-border-radius: 5px;-webkit-border-radius: 5px; background-color: #ffffff;\">Comment repasser le permis<i class=\"button_icon fa fa-file-pdf-o\" style=\"\"><\/i><\/a>[vc_empty_space height=\u00a0\u00bb35px\u00a0\u00bb]<a href=\"https:\/\/tolosane-conduite-autoecole.com\/fr\/wp-content\/uploads\/2017\/01\/Documents-\u00e0-fournir-apr\u00e8s-obtention-permis.pdf\" target=\"_blank\" data-hover-background-color=#70bb4e data-hover-border-color=#70bb4e data-hover-color=#ffffff class=\"qbutton  medium white qbutton_with_icon\" style=\"color: #70bb4e; border-color: #70bb4e; font-style: normal; font-weight: 300; border-radius: 5px;-moz-border-radius: 5px;-webkit-border-radius: 5px; background-color: #ffffff;\">Documents \u00e0 fournir apr\u00e8s avoir obtenu le permis<i class=\"button_icon fa fa-file-pdf-o\" style=\"\"><\/i><\/a>[\/vc_column_inner][vc_column_inner width=\u00a0\u00bb1\/2&Prime;][\/vc_column_inner][\/vc_row_inner][vc_empty_space height=\u00a0\u00bb35px\u00a0\u00bb][\/vc_column][\/vc_row][vc_row bg_type=\u00a0\u00bbbg_color\u00a0\u00bb bg_override=\u00a0\u00bbfull\u00a0\u00bb bg_color_value=\u00a0\u00bb#f2f2f2&Prime;][vc_column]<div class=\"container_inner\"><div class=\"call_to_action normal\" style=\"background-color: #f2f2f2;border-top: 1px solid #f2f2f2;\"><div class=\"two_columns_75_25 clearfix\"><div class=\"text_wrapper column1\"><div class=\"call_to_action_text\" style=\"\"><\/p>\n<h3>Vous avez besoin de revoir les bases de la conduite ?<br \/>\nVous souhaitez\u00a0vous remettre \u00e0 niveau ?<\/h3>\n<p><\/div><\/div><div class=\"button_wrapper column2\"><a href=\"https:\/\/tolosane-conduite-autoecole.com\/fr\/remise-a-niveau-permis\/\" class=\"qbutton large\" target=\"_self\" style=\"color: #ffffff;border-color: #70bb4e;background-color: #70bb4e;\"data-hover-background-color=#ffffff data-hover-border-color=#70bb4e data-hover-color=#70bb4e>JE VEUX D\u00c9COUVRIR<\/a><\/div><\/div><\/div><\/div>[\/vc_column][\/vc_row]<\/p>\n","protected":false},"excerpt":{"rendered":"<p>[vc_row][vc_column][vc_single_image image=\u00a0\u00bb463&Prime; img_size=\u00a0\u00bbfull\u00a0\u00bb alignment=\u00a0\u00bbcenter\u00a0\u00bb][\/vc_column][\/vc_row][vc_row type=\u00a0\u00bbgrid\u00a0\u00bb css=\u00a0\u00bb.vc_custom_1484069081470{margin-top: 60px !important;}\u00a0\u00bb][vc_column][vc_column_text el_class=\u00a0\u00bbobjectifs\u00a0\u00bb] Documents \u00e0 t\u00e9l\u00e9charger [\/vc_column_text][vc_empty_space height=\u00a0\u00bb40px\u00a0\u00bb][vc_row_inner][vc_column_inner width=\u00a0\u00bb1\/2&Prime; css=\u00a0\u00bb.vc_custom_1483634047847{padding-bottom: 15px !important;}\u00a0\u00bb][vc_empty_space height=\u00a0\u00bb35px\u00a0\u00bb][vc_empty_space height=\u00a0\u00bb35px\u00a0\u00bb][vc_empty_space height=\u00a0\u00bb35px\u00a0\u00bb][vc_empty_space height=\u00a0\u00bb35px\u00a0\u00bb][vc_empty_space height=\u00a0\u00bb35px\u00a0\u00bb][vc_empty_space height=\u00a0\u00bb35px\u00a0\u00bb][vc_empty_space height=\u00a0\u00bb35px\u00a0\u00bb][\/vc_column_inner][vc_column_inner width=\u00a0\u00bb1\/2&Prime;][\/vc_column_inner][\/vc_row_inner][vc_empty_space height=\u00a0\u00bb35px\u00a0\u00bb][\/vc_column][\/vc_row][vc_row bg_type=\u00a0\u00bbbg_color\u00a0\u00bb bg_override=\u00a0\u00bbfull\u00a0\u00bb bg_color_value=\u00a0\u00bb#f2f2f2&Prime;][vc_column][\/vc_column][\/vc_row]<\/p>\n","protected":false},"author":1,"featured_media":0,"parent":0,"menu_order":0,"comment_status":"closed","ping_status":"closed","template":"full_width.php","meta":{"footnotes":""},"class_list":["post-22","page","type-page","status-publish","hentry"],"yoast_head":"<!-- This site is optimized with the Yoast SEO plugin v27.3 - https:\/\/yoast.com\/product\/yoast-seo-wordpress\/ -->\n<title>\u00c0 t\u00e9l\u00e9charger | Tolosane Conduite<\/title>\n<meta name=\"robots\" content=\"index, follow, max-snippet:-1, max-image-preview:large, max-video-preview:-1\" \/>\n<link rel=\"canonical\" href=\"https:\/\/tolosane-conduite-autoecole.com\/fr\/a-telecharger\/\" \/>\n<meta property=\"og:locale\" content=\"fr_FR\" \/>\n<meta property=\"og:type\" content=\"article\" \/>\n<meta property=\"og:title\" content=\"\u00c0 t\u00e9l\u00e9charger | Tolosane Conduite\" \/>\n<meta property=\"og:description\" content=\"[vc_row][vc_column][vc_single_image image=\u00a0\u00bb463&Prime; img_size=\u00a0\u00bbfull\u00a0\u00bb alignment=\u00a0\u00bbcenter\u00a0\u00bb][\/vc_column][\/vc_row][vc_row type=\u00a0\u00bbgrid\u00a0\u00bb css=\u00a0\u00bb.vc_custom_1484069081470{margin-top: 60px !important;}\u00a0\u00bb][vc_column][vc_column_text el_class=\u00a0\u00bbobjectifs\u00a0\u00bb] Documents \u00e0 t\u00e9l\u00e9charger [\/vc_column_text][vc_empty_space height=\u00a0\u00bb40px\u00a0\u00bb][vc_row_inner][vc_column_inner width=\u00a0\u00bb1\/2&Prime; css=\u00a0\u00bb.vc_custom_1483634047847{padding-bottom: 15px !important;}\u00a0\u00bb][vc_empty_space height=\u00a0\u00bb35px\u00a0\u00bb][vc_empty_space height=\u00a0\u00bb35px\u00a0\u00bb][vc_empty_space height=\u00a0\u00bb35px\u00a0\u00bb][vc_empty_space height=\u00a0\u00bb35px\u00a0\u00bb][vc_empty_space height=\u00a0\u00bb35px\u00a0\u00bb][vc_empty_space height=\u00a0\u00bb35px\u00a0\u00bb][vc_empty_space height=\u00a0\u00bb35px\u00a0\u00bb][\/vc_column_inner][vc_column_inner width=\u00a0\u00bb1\/2&Prime;][\/vc_column_inner][\/vc_row_inner][vc_empty_space height=\u00a0\u00bb35px\u00a0\u00bb][\/vc_column][\/vc_row][vc_row bg_type=\u00a0\u00bbbg_color\u00a0\u00bb bg_override=\u00a0\u00bbfull\u00a0\u00bb bg_color_value=\u00a0\u00bb#f2f2f2&Prime;][vc_column][\/vc_column][\/vc_row]\" \/>\n<meta property=\"og:url\" content=\"https:\/\/tolosane-conduite-autoecole.com\/fr\/a-telecharger\/\" \/>\n<meta property=\"og:site_name\" content=\"Tolosane Conduite\" \/>\n<meta property=\"article:publisher\" content=\"https:\/\/www.facebook.com\/tolosane.conduite\" \/>\n<meta property=\"article:modified_time\" content=\"2024-11-26T12:04:53+00:00\" \/>\n<meta property=\"og:image\" content=\"https:\/\/tolosane-conduite-autoecole.com\/fr\/wp-content\/uploads\/2016\/12\/logo.png\" \/>\n\t<meta property=\"og:image:width\" content=\"110\" \/>\n\t<meta property=\"og:image:height\" content=\"132\" \/>\n\t<meta property=\"og:image:type\" content=\"image\/png\" \/>\n<meta name=\"twitter:card\" content=\"summary_large_image\" \/>\n<meta name=\"twitter:label1\" content=\"Dur\u00e9e de lecture estim\u00e9e\" \/>\n\t<meta name=\"twitter:data1\" content=\"4 minutes\" \/>\n<script type=\"application\/ld+json\" class=\"yoast-schema-graph\">{\"@context\":\"https:\\\/\\\/schema.org\",\"@graph\":[{\"@type\":[\"Article\",\"BlogPosting\"],\"@id\":\"https:\\\/\\\/tolosane-conduite-autoecole.com\\\/fr\\\/a-telecharger\\\/#article\",\"isPartOf\":{\"@id\":\"https:\\\/\\\/tolosane-conduite-autoecole.com\\\/fr\\\/a-telecharger\\\/\"},\"author\":{\"name\":\"bucerepdigital\",\"@id\":\"https:\\\/\\\/tolosane-conduite-autoecole.com\\\/fr\\\/#\\\/schema\\\/person\\\/6718a5cc96cf47491152861a35319349\"},\"headline\":\"\u00c0 t\u00e9l\u00e9charger\",\"datePublished\":\"2016-12-19T10:53:27+00:00\",\"dateModified\":\"2024-11-26T12:04:53+00:00\",\"mainEntityOfPage\":{\"@id\":\"https:\\\/\\\/tolosane-conduite-autoecole.com\\\/fr\\\/a-telecharger\\\/\"},\"wordCount\":715,\"publisher\":{\"@id\":\"https:\\\/\\\/tolosane-conduite-autoecole.com\\\/fr\\\/#organization\"},\"inLanguage\":\"fr-FR\"},{\"@type\":\"WebPage\",\"@id\":\"https:\\\/\\\/tolosane-conduite-autoecole.com\\\/fr\\\/a-telecharger\\\/\",\"url\":\"https:\\\/\\\/tolosane-conduite-autoecole.com\\\/fr\\\/a-telecharger\\\/\",\"name\":\"\u00c0 t\u00e9l\u00e9charger | Tolosane Conduite\",\"isPartOf\":{\"@id\":\"https:\\\/\\\/tolosane-conduite-autoecole.com\\\/fr\\\/#website\"},\"datePublished\":\"2016-12-19T10:53:27+00:00\",\"dateModified\":\"2024-11-26T12:04:53+00:00\",\"breadcrumb\":{\"@id\":\"https:\\\/\\\/tolosane-conduite-autoecole.com\\\/fr\\\/a-telecharger\\\/#breadcrumb\"},\"inLanguage\":\"fr-FR\",\"potentialAction\":[{\"@type\":\"ReadAction\",\"target\":[\"https:\\\/\\\/tolosane-conduite-autoecole.com\\\/fr\\\/a-telecharger\\\/\"]}]},{\"@type\":\"BreadcrumbList\",\"@id\":\"https:\\\/\\\/tolosane-conduite-autoecole.com\\\/fr\\\/a-telecharger\\\/#breadcrumb\",\"itemListElement\":[{\"@type\":\"ListItem\",\"position\":1,\"name\":\"Accueil\",\"item\":\"https:\\\/\\\/tolosane-conduite-autoecole.com\\\/fr\\\/\"},{\"@type\":\"ListItem\",\"position\":2,\"name\":\"\u00c0 t\u00e9l\u00e9charger\"}]},{\"@type\":\"WebSite\",\"@id\":\"https:\\\/\\\/tolosane-conduite-autoecole.com\\\/fr\\\/#website\",\"url\":\"https:\\\/\\\/tolosane-conduite-autoecole.com\\\/fr\\\/\",\"name\":\"Tolosane Conduite\",\"description\":\"Auto-\u00e9cole \u00e0 Cugnaux\",\"publisher\":{\"@id\":\"https:\\\/\\\/tolosane-conduite-autoecole.com\\\/fr\\\/#organization\"},\"potentialAction\":[{\"@type\":\"SearchAction\",\"target\":{\"@type\":\"EntryPoint\",\"urlTemplate\":\"https:\\\/\\\/tolosane-conduite-autoecole.com\\\/fr\\\/?s={search_term_string}\"},\"query-input\":{\"@type\":\"PropertyValueSpecification\",\"valueRequired\":true,\"valueName\":\"search_term_string\"}}],\"inLanguage\":\"fr-FR\"},{\"@type\":\"Organization\",\"@id\":\"https:\\\/\\\/tolosane-conduite-autoecole.com\\\/fr\\\/#organization\",\"name\":\"Tolosane Conduite\",\"url\":\"https:\\\/\\\/tolosane-conduite-autoecole.com\\\/fr\\\/\",\"logo\":{\"@type\":\"ImageObject\",\"inLanguage\":\"fr-FR\",\"@id\":\"https:\\\/\\\/tolosane-conduite-autoecole.com\\\/fr\\\/#\\\/schema\\\/logo\\\/image\\\/\",\"url\":\"https:\\\/\\\/tolosane-conduite-autoecole.com\\\/fr\\\/wp-content\\\/uploads\\\/2016\\\/12\\\/logo.png\",\"contentUrl\":\"https:\\\/\\\/tolosane-conduite-autoecole.com\\\/fr\\\/wp-content\\\/uploads\\\/2016\\\/12\\\/logo.png\",\"width\":110,\"height\":132,\"caption\":\"Tolosane Conduite\"},\"image\":{\"@id\":\"https:\\\/\\\/tolosane-conduite-autoecole.com\\\/fr\\\/#\\\/schema\\\/logo\\\/image\\\/\"},\"sameAs\":[\"https:\\\/\\\/www.facebook.com\\\/tolosane.conduite\"]},{\"@type\":\"Person\",\"@id\":\"https:\\\/\\\/tolosane-conduite-autoecole.com\\\/fr\\\/#\\\/schema\\\/person\\\/6718a5cc96cf47491152861a35319349\",\"name\":\"bucerepdigital\",\"image\":{\"@type\":\"ImageObject\",\"inLanguage\":\"fr-FR\",\"@id\":\"https:\\\/\\\/secure.gravatar.com\\\/avatar\\\/1aae4b66aa54c208b73ff080718ae3fb977a15c52616045caf7267bfc9153241?s=96&d=mm&r=g\",\"url\":\"https:\\\/\\\/secure.gravatar.com\\\/avatar\\\/1aae4b66aa54c208b73ff080718ae3fb977a15c52616045caf7267bfc9153241?s=96&d=mm&r=g\",\"contentUrl\":\"https:\\\/\\\/secure.gravatar.com\\\/avatar\\\/1aae4b66aa54c208b73ff080718ae3fb977a15c52616045caf7267bfc9153241?s=96&d=mm&r=g\",\"caption\":\"bucerepdigital\"},\"url\":\"https:\\\/\\\/tolosane-conduite-autoecole.com\\\/fr\\\/author\\\/bucerepdigital\\\/\"}]}<\/script>\n<!-- \/ Yoast SEO plugin. -->","yoast_head_json":{"title":"\u00c0 t\u00e9l\u00e9charger | Tolosane Conduite","robots":{"index":"index","follow":"follow","max-snippet":"max-snippet:-1","max-image-preview":"max-image-preview:large","max-video-preview":"max-video-preview:-1"},"canonical":"https:\/\/tolosane-conduite-autoecole.com\/fr\/a-telecharger\/","og_locale":"fr_FR","og_type":"article","og_title":"\u00c0 t\u00e9l\u00e9charger | Tolosane Conduite","og_description":"[vc_row][vc_column][vc_single_image image=\u00a0\u00bb463&Prime; img_size=\u00a0\u00bbfull\u00a0\u00bb alignment=\u00a0\u00bbcenter\u00a0\u00bb][\/vc_column][\/vc_row][vc_row type=\u00a0\u00bbgrid\u00a0\u00bb css=\u00a0\u00bb.vc_custom_1484069081470{margin-top: 60px !important;}\u00a0\u00bb][vc_column][vc_column_text el_class=\u00a0\u00bbobjectifs\u00a0\u00bb] Documents \u00e0 t\u00e9l\u00e9charger [\/vc_column_text][vc_empty_space height=\u00a0\u00bb40px\u00a0\u00bb][vc_row_inner][vc_column_inner width=\u00a0\u00bb1\/2&Prime; css=\u00a0\u00bb.vc_custom_1483634047847{padding-bottom: 15px !important;}\u00a0\u00bb][vc_empty_space height=\u00a0\u00bb35px\u00a0\u00bb][vc_empty_space height=\u00a0\u00bb35px\u00a0\u00bb][vc_empty_space height=\u00a0\u00bb35px\u00a0\u00bb][vc_empty_space height=\u00a0\u00bb35px\u00a0\u00bb][vc_empty_space height=\u00a0\u00bb35px\u00a0\u00bb][vc_empty_space height=\u00a0\u00bb35px\u00a0\u00bb][vc_empty_space height=\u00a0\u00bb35px\u00a0\u00bb][\/vc_column_inner][vc_column_inner width=\u00a0\u00bb1\/2&Prime;][\/vc_column_inner][\/vc_row_inner][vc_empty_space height=\u00a0\u00bb35px\u00a0\u00bb][\/vc_column][\/vc_row][vc_row bg_type=\u00a0\u00bbbg_color\u00a0\u00bb bg_override=\u00a0\u00bbfull\u00a0\u00bb bg_color_value=\u00a0\u00bb#f2f2f2&Prime;][vc_column][\/vc_column][\/vc_row]","og_url":"https:\/\/tolosane-conduite-autoecole.com\/fr\/a-telecharger\/","og_site_name":"Tolosane Conduite","article_publisher":"https:\/\/www.facebook.com\/tolosane.conduite","article_modified_time":"2024-11-26T12:04:53+00:00","og_image":[{"width":110,"height":132,"url":"https:\/\/tolosane-conduite-autoecole.com\/fr\/wp-content\/uploads\/2016\/12\/logo.png","type":"image\/png"}],"twitter_card":"summary_large_image","twitter_misc":{"Dur\u00e9e de lecture estim\u00e9e":"4 minutes"},"schema":{"@context":"https:\/\/schema.org","@graph":[{"@type":["Article","BlogPosting"],"@id":"https:\/\/tolosane-conduite-autoecole.com\/fr\/a-telecharger\/#article","isPartOf":{"@id":"https:\/\/tolosane-conduite-autoecole.com\/fr\/a-telecharger\/"},"author":{"name":"bucerepdigital","@id":"https:\/\/tolosane-conduite-autoecole.com\/fr\/#\/schema\/person\/6718a5cc96cf47491152861a35319349"},"headline":"\u00c0 t\u00e9l\u00e9charger","datePublished":"2016-12-19T10:53:27+00:00","dateModified":"2024-11-26T12:04:53+00:00","mainEntityOfPage":{"@id":"https:\/\/tolosane-conduite-autoecole.com\/fr\/a-telecharger\/"},"wordCount":715,"publisher":{"@id":"https:\/\/tolosane-conduite-autoecole.com\/fr\/#organization"},"inLanguage":"fr-FR"},{"@type":"WebPage","@id":"https:\/\/tolosane-conduite-autoecole.com\/fr\/a-telecharger\/","url":"https:\/\/tolosane-conduite-autoecole.com\/fr\/a-telecharger\/","name":"\u00c0 t\u00e9l\u00e9charger | Tolosane Conduite","isPartOf":{"@id":"https:\/\/tolosane-conduite-autoecole.com\/fr\/#website"},"datePublished":"2016-12-19T10:53:27+00:00","dateModified":"2024-11-26T12:04:53+00:00","breadcrumb":{"@id":"https:\/\/tolosane-conduite-autoecole.com\/fr\/a-telecharger\/#breadcrumb"},"inLanguage":"fr-FR","potentialAction":[{"@type":"ReadAction","target":["https:\/\/tolosane-conduite-autoecole.com\/fr\/a-telecharger\/"]}]},{"@type":"BreadcrumbList","@id":"https:\/\/tolosane-conduite-autoecole.com\/fr\/a-telecharger\/#breadcrumb","itemListElement":[{"@type":"ListItem","position":1,"name":"Accueil","item":"https:\/\/tolosane-conduite-autoecole.com\/fr\/"},{"@type":"ListItem","position":2,"name":"\u00c0 t\u00e9l\u00e9charger"}]},{"@type":"WebSite","@id":"https:\/\/tolosane-conduite-autoecole.com\/fr\/#website","url":"https:\/\/tolosane-conduite-autoecole.com\/fr\/","name":"Tolosane Conduite","description":"Auto-\u00e9cole \u00e0 Cugnaux","publisher":{"@id":"https:\/\/tolosane-conduite-autoecole.com\/fr\/#organization"},"potentialAction":[{"@type":"SearchAction","target":{"@type":"EntryPoint","urlTemplate":"https:\/\/tolosane-conduite-autoecole.com\/fr\/?s={search_term_string}"},"query-input":{"@type":"PropertyValueSpecification","valueRequired":true,"valueName":"search_term_string"}}],"inLanguage":"fr-FR"},{"@type":"Organization","@id":"https:\/\/tolosane-conduite-autoecole.com\/fr\/#organization","name":"Tolosane Conduite","url":"https:\/\/tolosane-conduite-autoecole.com\/fr\/","logo":{"@type":"ImageObject","inLanguage":"fr-FR","@id":"https:\/\/tolosane-conduite-autoecole.com\/fr\/#\/schema\/logo\/image\/","url":"https:\/\/tolosane-conduite-autoecole.com\/fr\/wp-content\/uploads\/2016\/12\/logo.png","contentUrl":"https:\/\/tolosane-conduite-autoecole.com\/fr\/wp-content\/uploads\/2016\/12\/logo.png","width":110,"height":132,"caption":"Tolosane Conduite"},"image":{"@id":"https:\/\/tolosane-conduite-autoecole.com\/fr\/#\/schema\/logo\/image\/"},"sameAs":["https:\/\/www.facebook.com\/tolosane.conduite"]},{"@type":"Person","@id":"https:\/\/tolosane-conduite-autoecole.com\/fr\/#\/schema\/person\/6718a5cc96cf47491152861a35319349","name":"bucerepdigital","image":{"@type":"ImageObject","inLanguage":"fr-FR","@id":"https:\/\/secure.gravatar.com\/avatar\/1aae4b66aa54c208b73ff080718ae3fb977a15c52616045caf7267bfc9153241?s=96&d=mm&r=g","url":"https:\/\/secure.gravatar.com\/avatar\/1aae4b66aa54c208b73ff080718ae3fb977a15c52616045caf7267bfc9153241?s=96&d=mm&r=g","contentUrl":"https:\/\/secure.gravatar.com\/avatar\/1aae4b66aa54c208b73ff080718ae3fb977a15c52616045caf7267bfc9153241?s=96&d=mm&r=g","caption":"bucerepdigital"},"url":"https:\/\/tolosane-conduite-autoecole.com\/fr\/author\/bucerepdigital\/"}]}},"_links":{"self":[{"href":"https:\/\/tolosane-conduite-autoecole.com\/fr\/wp-json\/wp\/v2\/pages\/22","targetHints":{"allow":["GET"]}}],"collection":[{"href":"https:\/\/tolosane-conduite-autoecole.com\/fr\/wp-json\/wp\/v2\/pages"}],"about":[{"href":"https:\/\/tolosane-conduite-autoecole.com\/fr\/wp-json\/wp\/v2\/types\/page"}],"author":[{"embeddable":true,"href":"https:\/\/tolosane-conduite-autoecole.com\/fr\/wp-json\/wp\/v2\/users\/1"}],"replies":[{"embeddable":true,"href":"https:\/\/tolosane-conduite-autoecole.com\/fr\/wp-json\/wp\/v2\/comments?post=22"}],"version-history":[{"count":0,"href":"https:\/\/tolosane-conduite-autoecole.com\/fr\/wp-json\/wp\/v2\/pages\/22\/revisions"}],"wp:attachment":[{"href":"https:\/\/tolosane-conduite-autoecole.com\/fr\/wp-json\/wp\/v2\/media?parent=22"}],"curies":[{"name":"wp","href":"https:\/\/api.w.org\/{rel}","templated":true}]}}